{"id":1517,"date":"2018-03-12T07:57:02","date_gmt":"2018-03-12T07:57:02","guid":{"rendered":"https:\/\/juniainitiative.com\/home\/"},"modified":"2020-05-15T15:40:12","modified_gmt":"2020-05-15T13:40:12","slug":"home","status":"publish","type":"page","link":"https:\/\/juniainitiative.com\/en\/","title":{"rendered":"Home"},"content":{"rendered":"<p>[vc_row css_animation=&#8221;&#8221; row_type=&#8221;row&#8221; use_row_as_full_screen_section=&#8221;no&#8221; type=&#8221;full_width&#8221; angled_section=&#8221;no&#8221; text_align=&#8221;left&#8221; background_image_as_pattern=&#8221;without_pattern&#8221;][vc_column][rev_slider_vc alias=&#8221;juniainitiative-home&#8221;][\/vc_column][\/vc_row][vc_row css_animation=&#8221;&#8221; row_type=&#8221;row&#8221; use_row_as_full_screen_section=&#8221;no&#8221; type=&#8221;full_width&#8221; angled_section=&#8221;no&#8221; text_align=&#8221;left&#8221; background_image_as_pattern=&#8221;without_pattern&#8221; z_index=&#8221;&#8221; css=&#8221;.vc_custom_1571822443439{background-color: #e6e6e6 !important;}&#8221;][vc_column][vc_row_inner row_type=&#8221;row&#8221; type=&#8221;grid&#8221; text_align=&#8221;left&#8221; css_animation=&#8221;element_from_fade&#8221; css=&#8221;.vc_custom_1570015792621{padding-top: 140px !important;padding-bottom: 140px !important;}&#8221; transition_delay=&#8221;300&#8243;][vc_column_inner][vc_column_text]<\/p>\n<h2 style=\"text-align: center;\">Welcome<\/h2>\n<p>[\/vc_column_text][vc_column_text css=&#8221;.vc_custom_1589548323646{padding-top: 40px !important;}&#8221; el_class=&#8221;column_2&#8243;]<\/p>\n<p style=\"text-align: center;\">For decades people, regardless of their gender and way of life, have together given the church a face. Many who come into contact with the local church have had good experiences with theologians, catechists and other called people in our parishes, adult education and hospitals. These experiences have broken the link between biological sex and the special vocation to sacramental mission.<\/p>\n<p style=\"text-align: center;\">We are convinced that what needs to be transformed must be put on the table right now: if we, as the Church, want to stand up for the dignity of all people, we must clean up our own house and make sure that equal dignity also leads to equal rights.\u00a0 For this reason, and from the perception of the discrepancy between what is permitted under canon law and what is pastorally necessary, we want to make a contribution to a sustainable Church with our thoughts and actions. A Church that dares to think and tackle new things and learns to recognise diversity as an opportunity anew \u2013 with God&#8217;s help.<\/p>\n<p>[\/vc_column_text][vc_column_text css=&#8221;.vc_custom_1589550006782{padding-top: 30px !important;}&#8221;]<\/p>\n<p style=\"text-align: center;\">Contact to the mission ready women*: Charlotte K\u00fcng-Bless<\/p>\n<p style=\"text-align: center;\">Contact religious communities: Prioress Irene Gassmann<\/p>\n<p style=\"text-align: center;\">Contact support group: B\u00e9atrice Bowald und Monika Hungerb\u00fchler<\/p>\n<p style=\"text-align: center;\">Media contact: veronika.jehle@gmail.com<\/p>\n<p style=\"text-align: center;\"><a href=\"mailto:info@juniainitiative.com\">info@juniainitiative.com<\/a><\/p>\n<p style=\"text-align: center;\">\u2026\u2026\u2026\u2026<\/p>\n<p style=\"text-align: center;\">Would you like to support the Junia Initiative financially?<\/p>\n<p style=\"text-align: center;\">We thank you for your contribution on IBAN CH33 0077 0254 5339 3200 1<\/p>\n<p style=\"text-align: center;\">\u2026\u2026\u2026\u2026<\/p>\n<p>[\/vc_column_text][\/vc_column_inner][\/vc_row_inner][\/vc_column][\/vc_row][vc_row css_animation=&#8221;&#8221; row_type=&#8221;row&#8221; use_row_as_full_screen_section=&#8221;no&#8221; type=&#8221;full_width&#8221; angled_section=&#8221;no&#8221; text_align=&#8221;left&#8221; background_image_as_pattern=&#8221;without_pattern&#8221; z_index=&#8221;&#8221;][vc_column][vc_row_inner row_type=&#8221;row&#8221; type=&#8221;grid&#8221; text_align=&#8221;left&#8221; css_animation=&#8221;element_from_fade&#8221; css=&#8221;.vc_custom_1569848033921{padding-top: 140px !important;padding-bottom: 60px !important;}&#8221; transition_delay=&#8221;300&#8243;][vc_column_inner][qode_elements_holder number_of_columns=&#8221;two_columns&#8221; switch_to_one_column=&#8221;1000&#8243;][qode_elements_holder_item vertical_alignment=&#8221;middle&#8221; advanced_animations=&#8221;no&#8221; item_padding=&#8221;0 0 0 0&#8243;][vc_single_image image=&#8221;2905&#8243; img_size=&#8221;full&#8221; qode_css_animation=&#8221;&#8221; qode_hover_animation=&#8221;zoom_in&#8221;][\/qode_elements_holder_item][qode_elements_holder_item vertical_alignment=&#8221;middle&#8221; advanced_animations=&#8221;no&#8221; item_padding=&#8221;0 0 0 60px&#8221; item_padding_1024_1280=&#8221;1px 0 0 60px&#8221; item_padding_600_768=&#8221;50px 0 0 0&#8243; item_padding_480_600=&#8221;50px 0 0 0&#8243; item_padding_480=&#8221;50px 0 0 0&#8243;][vc_column_text]<\/p>\n<h4>[vc_separator type=&#8221;small&#8221; position=&#8221;left&#8221; color=&#8221;#858585&#8243; thickness=&#8221;1&#8243; width=&#8221;39&#8243; up=&#8221;7&#8243; down=&#8221;7&#8243;]Theological foundations<\/h4>\n<p>[\/vc_column_text][vc_column_text css=&#8221;.vc_custom_1589459488604{margin-top: -10px !important;}&#8221;]<\/p>\n<h2>Sacremantal mission<\/h2>\n<p>[\/vc_column_text][vc_empty_space height=&#8221;21px&#8221;][vc_column_text]The celibate priesthood is inscribed in a sacralized hierarchical structure, which in practice focuses less and less on the congregation and more and more on the self-preservation of this system. The #JuniaInitiative observes these developments with concern. The people behind the Initiative perceive a sacramental hunger in congregations, communities and institutions and are concerned that precious experiences of the divine presence are being abandoned in favor of the preservation of the system. It wants to find a way beyond the linking of ministry, consecration, power and gender, for the disastrous consequences of this linkage have become increasingly apparent in recent years.<\/p>\n<p>[\/vc_column_text][vc_empty_space height=&#8221;26px&#8221;]<a  itemprop=\"url\" href=\"https:\/\/juniaInitiative.com\/en\/junia\/\" target=\"_self\"  class=\"qbutton  default\" style=\"\">More information<\/a>[\/qode_elements_holder_item][\/qode_elements_holder][\/vc_column_inner][\/vc_row_inner][vc_row_inner row_type=&#8221;row&#8221; type=&#8221;grid&#8221; text_align=&#8221;left&#8221; css_animation=&#8221;element_from_fade&#8221; css=&#8221;.vc_custom_1569848040650{padding-top: 70px !important;padding-bottom: 70px !important;}&#8221; transition_delay=&#8221;300&#8243;][vc_column_inner][qode_elements_holder number_of_columns=&#8221;two_columns&#8221; switch_to_one_column=&#8221;1000&#8243;][qode_elements_holder_item vertical_alignment=&#8221;middle&#8221; advanced_animations=&#8221;no&#8221; item_padding=&#8221;0 60px 0 0&#8243; item_padding_1024_1280=&#8221;37px 60px 0 0&#8243; item_padding_768_1024=&#8221;0 20px 50px 0&#8243; item_padding_600_768=&#8221;0 20px 50px 0&#8243; item_padding_480_600=&#8221;0 0 50px 0&#8243; item_padding_480=&#8221;0 0 50px 0&#8243;][vc_column_text]<\/p>\n<h4>[vc_separator type=&#8221;small&#8221; position=&#8221;left&#8221; color=&#8221;#858585&#8243; thickness=&#8221;1&#8243; width=&#8221;39&#8243; up=&#8221;7&#8243; down=&#8221;7&#8243;]Gesichter<\/h4>\n<p>[\/vc_column_text][vc_column_text css=&#8221;.vc_custom_1570015920322{margin-top: -10px !important;}&#8221;]<\/p>\n<h2>Zur Sendung bereit<\/h2>\n<p>[\/vc_column_text][vc_empty_space height=&#8221;21px&#8221;][vc_column_text]<\/p>\n<p>Hier erz\u00e4hlen sendungsbereite Frauen* von ihrer Berufung zur sakramentalen Sendung und ihrem Wirken in der Kirche. Wird auch Ihnen die Berufung zur sakramentalen Sendung zugesprochen? Vertrauen auch Sie auf Gottes Ruf? Dann stehen Sie doch \u00f6ffentlich dazu und tragen Sie sich ein.<br \/>\n<!-- Vertrauen Sie auch auf Gottes Ruf? Wird auch Ihnen die Berufung zur sakramentalen Sendung zugesprochen? Dann melden Sie sich jetzt unter info@juniainitiative.com. Wir nehmen Kontakt mit Ihnen auf.--><\/p>\n<p>[\/vc_column_text][vc_empty_space height=&#8221;26px&#8221;]<a  itemprop=\"url\" href=\"\/zur-sendung-bereit\" target=\"_self\"  class=\"qbutton  default\" style=\"\">More information<\/a>[\/qode_elements_holder_item][qode_elements_holder_item vertical_alignment=&#8221;middle&#8221; advanced_animations=&#8221;no&#8221; item_padding=&#8221;0 0 0 0&#8243;][vc_single_image image=&#8221;903&#8243; img_size=&#8221;full&#8221; qode_css_animation=&#8221;&#8221; qode_hover_animation=&#8221;zoom_in&#8221;][\/qode_elements_holder_item][\/qode_elements_holder][\/vc_column_inner][\/vc_row_inner][vc_row_inner row_type=&#8221;row&#8221; type=&#8221;grid&#8221; text_align=&#8221;left&#8221; css_animation=&#8221;element_from_fade&#8221; css=&#8221;.vc_custom_1569848048862{padding-top: 70px !important;padding-bottom: 140px !important;}&#8221; transition_delay=&#8221;300&#8243;][vc_column_inner][qode_elements_holder number_of_columns=&#8221;two_columns&#8221; switch_to_one_column=&#8221;1000&#8243;][qode_elements_holder_item vertical_alignment=&#8221;middle&#8221; advanced_animations=&#8221;no&#8221; item_padding=&#8221;0 0 0 0&#8243;][vc_single_image image=&#8221;2945&#8243; img_size=&#8221;full&#8221; qode_css_animation=&#8221;&#8221; qode_hover_animation=&#8221;zoom_in&#8221;][\/qode_elements_holder_item][qode_elements_holder_item vertical_alignment=&#8221;middle&#8221; advanced_animations=&#8221;no&#8221; item_padding=&#8221;0 0 0 60px&#8221; item_padding_1024_1280=&#8221;1px 0 0 60px&#8221; item_padding_600_768=&#8221;50px 0 0 0&#8243; item_padding_480_600=&#8221;50px 0 0 0&#8243; item_padding_480=&#8221;50px 0 0 0&#8243;][vc_column_text]<\/p>\n<h4>[vc_separator type=&#8221;small&#8221; position=&#8221;left&#8221; color=&#8221;#858585&#8243; thickness=&#8221;1&#8243; width=&#8221;39&#8243; up=&#8221;7&#8243; down=&#8221;7&#8243;]Event<\/h4>\n<p>[\/vc_column_text][vc_column_text css=&#8221;.vc_custom_1569418152828{margin-top: -10px !important;}&#8221;]<\/p>\n<h2>17. Mai 2020<\/h2>\n<p>[\/vc_column_text][vc_empty_space height=&#8221;21px&#8221;][vc_column_text]<\/p>\n<p class=\"p1\">Die <span class=\"s1\">#Junia<\/span>Initiative steht zur Erfahrung, dass die Geistkraft Gottes wirkt, unabh\u00e4ngig von Amt, Weihe, Macht und Geschlecht. Durch die Amtskirche erf\u00e4hrt dieses sakramentale Handeln keine offizielle Anerkennung. Die #JuniaInitiative m\u00f6chte mit dem Begriff der \u00abSakramentalen Sendung\u00bb einen Zugang er\u00f6ffnen.<\/p>\n<p class=\"p1\">Die <span class=\"s1\">#Junia<\/span>Initiative st\u00e4rkt durch Vernetzung und kreative theologische Arbeit eine zukunftsf\u00e4hige und glaubwu\u0308rdige Kirche.<\/p>\n<p class=\"p1\">Im Junia-Jahr 2020 \/ 21, beginnend am Gedenktag von Junia, dem 17. Mai 2020, soll die Auseinandersetzung aktiv weitergefu\u0308hrt und vertieft werden.<\/p>\n<p>[\/vc_column_text][vc_empty_space height=&#8221;26px&#8221;]<a  itemprop=\"url\" href=\"\/agenda\" target=\"_self\"  class=\"qbutton  default\" style=\"\">To the event<\/a>[\/qode_elements_holder_item][\/qode_elements_holder][\/vc_column_inner][\/vc_row_inner][\/vc_column][\/vc_row][vc_row css_animation=&#8221;element_from_fade&#8221; row_type=&#8221;row&#8221; use_row_as_full_screen_section=&#8221;no&#8221; type=&#8221;grid&#8221; angled_section=&#8221;no&#8221; text_align=&#8221;left&#8221; background_image_as_pattern=&#8221;without_pattern&#8221; css=&#8221;.vc_custom_1571822980792{padding-bottom: 120px !important;}&#8221; z_index=&#8221;&#8221;][vc_column][qode_elements_holder number_of_columns=&#8221;two_columns&#8221;][qode_elements_holder_item vertical_alignment=&#8221;middle&#8221; advanced_animations=&#8221;no&#8221; item_padding=&#8221;29px 39px 0px 0&#8243; item_padding_1024_1280=&#8221;34px 54px 0px 0&#8243; item_padding_480_600=&#8221;77px 4px 0px 0&#8243; item_padding_480=&#8221;77px 4px 0px 0&#8243;]<div role=\"form\" class=\"wpcf7\" id=\"wpcf7-f1578-o1\" lang=\"de-DE\" dir=\"ltr\">\n<div class=\"screen-reader-response\"><p role=\"status\" aria-live=\"polite\" aria-atomic=\"true\"><\/p> <ul><\/ul><\/div>\n<form action=\"\/en\/wp-json\/wp\/v2\/pages\/1517#wpcf7-f1578-o1\" method=\"post\" class=\"wpcf7-form init cf7_custom_style_1\" novalidate=\"novalidate\" data-status=\"init\">\n<div style=\"display: none;\">\n<input type=\"hidden\" name=\"_wpcf7\" value=\"1578\" \/>\n<input type=\"hidden\" name=\"_wpcf7_version\" value=\"5.6.1\" \/>\n<input type=\"hidden\" name=\"_wpcf7_locale\" value=\"de_DE\" \/>\n<input type=\"hidden\" name=\"_wpcf7_unit_tag\" value=\"wpcf7-f1578-o1\" \/>\n<input type=\"hidden\" name=\"_wpcf7_container_post\" value=\"0\" \/>\n<input type=\"hidden\" name=\"_wpcf7_posted_data_hash\" value=\"\" \/>\n<input type=\"hidden\" name=\"_wpcf7_recaptcha_response\" value=\"\" \/>\n<\/div>\n<div class=\"form-row\"><label>\n<div class=\"form-row-label\">Anrede<\/div>\n<div class=\"form-row-input\"><span class=\"wpcf7-form-control-wrap\" data-name=\"anrede\"><select name=\"anrede\" class=\"wpcf7-form-control wpcf7-select\" aria-invalid=\"false\"><option value=\"\u2013\">\u2013<\/option><option value=\"Frau\">Frau<\/option><option value=\"Herr\">Herr<\/option><\/select><\/span><\/div>\n<p><\/label><\/div>\n<div class=\"form-row\"><label>\n<div class=\"form-row-label\">Vorname<\/div>\n<div class=\"form-row-input\"><span class=\"wpcf7-form-control-wrap\" data-name=\"your-vorname\"><input type=\"text\" name=\"your-vorname\" value=\"\" size=\"40\" class=\"wpcf7-form-control wpcf7-text\" aria-invalid=\"false\" \/><\/span><\/div>\n<p><\/label><\/div>\n<div class=\"form-row\"><label>\n<div class=\"form-row-label\">Name<\/div>\n<div class=\"form-row-input\"><span class=\"wpcf7-form-control-wrap\" data-name=\"your-name\"><input type=\"text\" name=\"your-name\" value=\"\" size=\"40\" class=\"wpcf7-form-control wpcf7-text\" aria-invalid=\"false\" \/><\/span><\/div>\n<p><\/label><\/div>\n<div class=\"form-row\"><label>\n<div class=\"form-row-label\">E-Mail-Adresse*<\/div>\n<div class=\"form-row-input\"><span class=\"wpcf7-form-control-wrap\" data-name=\"your-email\"><input type=\"email\" name=\"your-email\" value=\"\" size=\"40\" class=\"wpcf7-form-control wpcf7-text wpcf7-email wpcf7-validates-as-required wpcf7-validates-as-email\" aria-required=\"true\" aria-invalid=\"false\" \/><\/span><\/div>\n<p><\/label><\/div>\n<p><label> <span class=\"wpcf7-form-control-wrap\" data-name=\"checkbox-email\"><span class=\"wpcf7-form-control wpcf7-checkbox wpcf7-validates-as-required\"><span class=\"wpcf7-list-item first last\"><input type=\"checkbox\" name=\"checkbox-email[]\" value=\"Ich bin damit einverstanden, dass diese Angaben verwendet werden.*\" \/><span class=\"wpcf7-list-item-label\">Ich bin damit einverstanden, dass diese Angaben verwendet werden.*<\/span><\/span><\/span><\/span> <\/label><\/p>\n<p><input type=\"submit\" value=\"Senden\" class=\"wpcf7-form-control has-spinner wpcf7-submit\" \/><\/p>\n<div class=\"wpcf7-response-output\" aria-hidden=\"true\"><\/div><\/form><\/div>[\/qode_elements_holder_item][qode_elements_holder_item vertical_alignment=&#8221;top&#8221; advanced_animations=&#8221;no&#8221; item_padding=&#8221;0px 0 0 0px&#8221; item_padding_1280_1440=&#8221;7px 0 0 0px&#8221; item_padding_1024_1280=&#8221;7px 0 0 0px&#8221; item_padding_768_1024=&#8221;50px 100px 40px 12px&#8221; item_padding_600_768=&#8221;0px 0px 0px 0&#8243; item_padding_480_600=&#8221;0px 0 0px 0px&#8221; custom_class=&#8221;breakpoint_title&#8221;][vc_column_text]<\/p>\n<h2>Informiert bleiben!<\/h2>\n<p>[\/vc_column_text][vc_empty_space][vc_column_text]Sie m\u00f6chten jeweils die aktuellsten Informationen von uns erhalten? Dann k\u00f6nnen Sie sich hier registrieren, um nichts mehr zu verpassen.[\/vc_column_text][\/qode_elements_holder_item][\/qode_elements_holder][\/vc_column][\/vc_row][vc_row css_animation=&#8221;element_from_fade&#8221; row_type=&#8221;row&#8221; use_row_as_full_screen_section=&#8221;no&#8221; type=&#8221;grid&#8221; angled_section=&#8221;no&#8221; text_align=&#8221;left&#8221; background_image_as_pattern=&#8221;without_pattern&#8221; css=&#8221;.vc_custom_1587535795062{padding-bottom: 140px !important;}&#8221; z_index=&#8221;&#8221;][vc_column][vc_raw_html]JTVCbG9nb2Nhcm91c2VsJTIwaWQlM0QlMjIyOTE3JTIyJTVE[\/vc_raw_html][\/vc_column][\/vc_row]<\/p>\n","protected":false},"excerpt":{"rendered":"<p>[vc_row css_animation=&#8221;&#8221; row_type=&#8221;row&#8221; use_row_as_full_screen_section=&#8221;no&#8221; type=&#8221;full_width&#8221; angled_section=&#8221;no&#8221; text_align=&#8221;left&#8221; background_image_as_pattern=&#8221;without_pattern&#8221;][vc_column][rev_slider_vc alias=&#8221;juniainitiative-home&#8221;][\/vc_column][\/vc_row][vc_row css_animation=&#8221;&#8221; row_type=&#8221;row&#8221; use_row_as_full_screen_section=&#8221;no&#8221; type=&#8221;full_width&#8221; angled_section=&#8221;no&#8221; text_align=&#8221;left&#8221; background_image_as_pattern=&#8221;without_pattern&#8221; z_index=&#8221;&#8221; css=&#8221;.vc_custom_1571822443439{background-color: #e6e6e6 !important;}&#8221;][vc_column][vc_row_inner row_type=&#8221;row&#8221; type=&#8221;grid&#8221; text_align=&#8221;left&#8221; css_animation=&#8221;element_from_fade&#8221; css=&#8221;.vc_custom_1570015792621{padding-top: 140px !important;padding-bottom: 140px !important;}&#8221; transition_delay=&#8221;300&#8243;][vc_column_inner][vc_column_text] Welcome [\/vc_column_text][vc_column_text css=&#8221;.vc_custom_1589548323646{padding-top: 40px !important;}&#8221; el_class=&#8221;column_2&#8243;] For decades people, regardless of their gender and way of life, have together given the church a face. Many who come into contact with the local church have had good experiences with theologians, catechists and other called people in our parishes, adult education and hospitals. These experiences have broken the link between biological sex and the special vocation to sacramental mission. We are convinced that what needs to be transformed must be put on the table right now: if we, as the Church, want to stand up for the dignity of all people, we must clean up our own house and make sure that equal dignity also leads to equal rights.\u00a0 For this reason,&#8230;<\/p>\n","protected":false},"author":1,"featured_media":0,"parent":0,"menu_order":0,"comment_status":"closed","ping_status":"closed","template":"full_width.php","meta":[],"yoast_head":"<!-- This site is optimized with the Yoast SEO plugin v19.3 - https:\/\/yoast.com\/wordpress\/plugins\/seo\/ -->\n<title>Home - #JuniaInitiative<\/title>\n<meta name=\"description\" content=\"Seit Jahrzehnten geben Menschen der Kirche gemeinsam ein Gesicht. Die #JuniaInitiative unterst\u00fctzt zusammen mit etlichen Frauen genau diese Sache .\" \/>\n<meta name=\"robots\" content=\"index, follow, max-snippet:-1, max-image-preview:large, max-video-preview:-1\" \/>\n<link rel=\"canonical\" href=\"https:\/\/juniainitiative.com\/en\/\" \/>\n<meta property=\"og:locale\" content=\"en_US\" \/>\n<meta property=\"og:type\" content=\"article\" \/>\n<meta property=\"og:title\" content=\"Home - #JuniaInitiative\" \/>\n<meta property=\"og:description\" content=\"Seit Jahrzehnten geben Menschen der Kirche gemeinsam ein Gesicht. Die #JuniaInitiative unterst\u00fctzt zusammen mit etlichen Frauen genau diese Sache .\" \/>\n<meta property=\"og:url\" content=\"https:\/\/juniainitiative.com\/en\/\" \/>\n<meta property=\"og:site_name\" content=\"#JuniaInitiative\" \/>\n<meta property=\"article:modified_time\" content=\"2020-05-15T13:40:12+00:00\" \/>\n<meta name=\"twitter:card\" content=\"summary_large_image\" \/>\n<meta name=\"twitter:label1\" content=\"Est. reading time\" \/>\n\t<meta name=\"twitter:data1\" content=\"7 minutes\" \/>\n<script type=\"application\/ld+json\" class=\"yoast-schema-graph\">{\"@context\":\"https:\/\/schema.org\",\"@graph\":[{\"@type\":\"WebSite\",\"@id\":\"https:\/\/juniainitiative.com\/#website\",\"url\":\"https:\/\/juniainitiative.com\/\",\"name\":\"#JuniaInitiative\",\"description\":\"\",\"potentialAction\":[{\"@type\":\"SearchAction\",\"target\":{\"@type\":\"EntryPoint\",\"urlTemplate\":\"https:\/\/juniainitiative.com\/?s={search_term_string}\"},\"query-input\":\"required name=search_term_string\"}],\"inLanguage\":\"en-US\"},{\"@type\":\"WebPage\",\"@id\":\"https:\/\/juniainitiative.com\/en\/\",\"url\":\"https:\/\/juniainitiative.com\/en\/\",\"name\":\"Home - #JuniaInitiative\",\"isPartOf\":{\"@id\":\"https:\/\/juniainitiative.com\/#website\"},\"datePublished\":\"2018-03-12T07:57:02+00:00\",\"dateModified\":\"2020-05-15T13:40:12+00:00\",\"description\":\"Seit Jahrzehnten geben Menschen der Kirche gemeinsam ein Gesicht. Die #JuniaInitiative unterst\u00fctzt zusammen mit etlichen Frauen genau diese Sache .\",\"breadcrumb\":{\"@id\":\"https:\/\/juniainitiative.com\/en\/#breadcrumb\"},\"inLanguage\":\"en-US\",\"potentialAction\":[{\"@type\":\"ReadAction\",\"target\":[\"https:\/\/juniainitiative.com\/en\/\"]}]},{\"@type\":\"BreadcrumbList\",\"@id\":\"https:\/\/juniainitiative.com\/en\/#breadcrumb\",\"itemListElement\":[{\"@type\":\"ListItem\",\"position\":1,\"name\":\"Startseite\",\"item\":\"https:\/\/juniainitiative.com\/en\/\"},{\"@type\":\"ListItem\",\"position\":2,\"name\":\"Home\"}]}]}<\/script>\n<!-- \/ Yoast SEO plugin. -->","yoast_head_json":{"title":"Home - #JuniaInitiative","description":"Seit Jahrzehnten geben Menschen der Kirche gemeinsam ein Gesicht. Die #JuniaInitiative unterst\u00fctzt zusammen mit etlichen Frauen genau diese Sache .","robots":{"index":"index","follow":"follow","max-snippet":"max-snippet:-1","max-image-preview":"max-image-preview:large","max-video-preview":"max-video-preview:-1"},"canonical":"https:\/\/juniainitiative.com\/en\/","og_locale":"en_US","og_type":"article","og_title":"Home - #JuniaInitiative","og_description":"Seit Jahrzehnten geben Menschen der Kirche gemeinsam ein Gesicht. Die #JuniaInitiative unterst\u00fctzt zusammen mit etlichen Frauen genau diese Sache .","og_url":"https:\/\/juniainitiative.com\/en\/","og_site_name":"#JuniaInitiative","article_modified_time":"2020-05-15T13:40:12+00:00","twitter_card":"summary_large_image","twitter_misc":{"Est. reading time":"7 minutes"},"schema":{"@context":"https:\/\/schema.org","@graph":[{"@type":"WebSite","@id":"https:\/\/juniainitiative.com\/#website","url":"https:\/\/juniainitiative.com\/","name":"#JuniaInitiative","description":"","potentialAction":[{"@type":"SearchAction","target":{"@type":"EntryPoint","urlTemplate":"https:\/\/juniainitiative.com\/?s={search_term_string}"},"query-input":"required name=search_term_string"}],"inLanguage":"en-US"},{"@type":"WebPage","@id":"https:\/\/juniainitiative.com\/en\/","url":"https:\/\/juniainitiative.com\/en\/","name":"Home - #JuniaInitiative","isPartOf":{"@id":"https:\/\/juniainitiative.com\/#website"},"datePublished":"2018-03-12T07:57:02+00:00","dateModified":"2020-05-15T13:40:12+00:00","description":"Seit Jahrzehnten geben Menschen der Kirche gemeinsam ein Gesicht. Die #JuniaInitiative unterst\u00fctzt zusammen mit etlichen Frauen genau diese Sache .","breadcrumb":{"@id":"https:\/\/juniainitiative.com\/en\/#breadcrumb"},"inLanguage":"en-US","potentialAction":[{"@type":"ReadAction","target":["https:\/\/juniainitiative.com\/en\/"]}]},{"@type":"BreadcrumbList","@id":"https:\/\/juniainitiative.com\/en\/#breadcrumb","itemListElement":[{"@type":"ListItem","position":1,"name":"Startseite","item":"https:\/\/juniainitiative.com\/en\/"},{"@type":"ListItem","position":2,"name":"Home"}]}]}},"_links":{"self":[{"href":"https:\/\/juniainitiative.com\/en\/wp-json\/wp\/v2\/pages\/1517"}],"collection":[{"href":"https:\/\/juniainitiative.com\/en\/wp-json\/wp\/v2\/pages"}],"about":[{"href":"https:\/\/juniainitiative.com\/en\/wp-json\/wp\/v2\/types\/page"}],"author":[{"embeddable":true,"href":"https:\/\/juniainitiative.com\/en\/wp-json\/wp\/v2\/users\/1"}],"replies":[{"embeddable":true,"href":"https:\/\/juniainitiative.com\/en\/wp-json\/wp\/v2\/comments?post=1517"}],"version-history":[{"count":51,"href":"https:\/\/juniainitiative.com\/en\/wp-json\/wp\/v2\/pages\/1517\/revisions"}],"predecessor-version":[{"id":3350,"href":"https:\/\/juniainitiative.com\/en\/wp-json\/wp\/v2\/pages\/1517\/revisions\/3350"}],"wp:attachment":[{"href":"https:\/\/juniainitiative.com\/en\/wp-json\/wp\/v2\/media?parent=1517"}],"curies":[{"name":"wp","href":"https:\/\/api.w.org\/{rel}","templated":true}]}}