{"id":2023,"date":"2018-03-12T07:57:02","date_gmt":"2018-03-12T07:57:02","guid":{"rendered":"https:\/\/juniainitiative.com\/home\/"},"modified":"2020-05-14T14:32:12","modified_gmt":"2020-05-14T12:32:12","slug":"home","status":"publish","type":"page","link":"https:\/\/juniainitiative.com\/fr\/","title":{"rendered":"Home"},"content":{"rendered":"<p>[vc_row css_animation=\u00a0\u00bb\u00a0\u00bb row_type=\u00a0\u00bbrow\u00a0\u00bb use_row_as_full_screen_section=\u00a0\u00bbno\u00a0\u00bb type=\u00a0\u00bbfull_width\u00a0\u00bb angled_section=\u00a0\u00bbno\u00a0\u00bb text_align=\u00a0\u00bbleft\u00a0\u00bb background_image_as_pattern=\u00a0\u00bbwithout_pattern\u00a0\u00bb][vc_column][rev_slider_vc alias=\u00a0\u00bbjuniainitiative-home\u00a0\u00bb][\/vc_column][\/vc_row][vc_row css_animation=\u00a0\u00bb\u00a0\u00bb row_type=\u00a0\u00bbrow\u00a0\u00bb use_row_as_full_screen_section=\u00a0\u00bbno\u00a0\u00bb type=\u00a0\u00bbfull_width\u00a0\u00bb angled_section=\u00a0\u00bbno\u00a0\u00bb text_align=\u00a0\u00bbleft\u00a0\u00bb background_image_as_pattern=\u00a0\u00bbwithout_pattern\u00a0\u00bb z_index=\u00a0\u00bb\u00a0\u00bb css=\u00a0\u00bb.vc_custom_1571822443439{background-color: #e6e6e6 !important;}\u00a0\u00bb][vc_column][vc_row_inner row_type=\u00a0\u00bbrow\u00a0\u00bb type=\u00a0\u00bbgrid\u00a0\u00bb text_align=\u00a0\u00bbleft\u00a0\u00bb css_animation=\u00a0\u00bbelement_from_fade\u00a0\u00bb css=\u00a0\u00bb.vc_custom_1570015792621{padding-top: 140px !important;padding-bottom: 140px !important;}\u00a0\u00bb transition_delay=\u00a0\u00bb300&Prime;][vc_column_inner][vc_column_text]<\/p>\n<h2 style=\"text-align: center;\">Bienvenue<\/h2>\n<p>[\/vc_column_text][vc_column_text css=\u00a0\u00bb.vc_custom_1577103005028{padding-top: 40px !important;}\u00a0\u00bb el_class=\u00a0\u00bbcolumn_2&Prime;]Depuis des d\u00e9cennies, l\u2019Eglise peut compter sur des personnes qui s\u2019engagent en son sein et lui donnent un visage \u2013 ind\u00e9pendamment de leur sexe et de leur mode de vie. Beaucoup de ceux qui entrent en contact avec l&rsquo;\u00e9glise locale ont eu de bonnes exp\u00e9riences avec des th\u00e9ologiennes*, des cat\u00e9chistes* et d&rsquo;autres personnes appel\u00e9es dans nos paroisses, dans la formation continue des adultes et dans les h\u00f4pitaux. Ces exp\u00e9riences ont rompu le lien entre le genre biologique et la vocation sp\u00e9ciale \u00e0 la mission sacramentelle.<\/p>\n<p>Nous sommes convaincus que c&rsquo;est maintenant que nous devons mettre sur la table ce qui doit \u00eatre transform\u00e9 : si, en tant qu&rsquo;Eglise, nous voulons d\u00e9fendre la dignit\u00e9 de tous les \u00eatres humains, nous devons nettoyer notre propre maison et veiller \u00e0 ce qu&rsquo;une dignit\u00e9 \u00e9gale m\u00e8ne aussi \u00e0 l&rsquo;\u00e9galit\u00e9 des droits. Par cons\u00e9quent, et \u00e0 partir de la perception du d\u00e9calage entre ce qui est permis par le droit eccl\u00e9siastique et ce qui est n\u00e9cessaire au plan pastoral, nous voudrions contribuer \u00e0 une Eglise durable par nos pens\u00e9es et nos actions. Une \u00e9glise qui ose penser et entreprendre quelque chose de nouveau et qui apprend \u00e0 reconna\u00eetre \u00e0 nouveau la diversit\u00e9 comme une opportunit\u00e9 \u2013 avec l&rsquo;aide de Dieu.[\/vc_column_text][vc_column_text css=\u00a0\u00bb.vc_custom_1578589791665{padding-top: 30px !important;}\u00a0\u00bb]<\/p>\n<p style=\"text-align: center;\">Contact femmes pr\u00eates \u00e0 la mission sacramentelle* : Charlotte K\u00fcng-Bless<br \/>\nContact communaut\u00e9s r\u00e9ligieuses : Priorin Irene Gassmann<br \/>\nContact soutien : B\u00e9atrice Bowald et Monika Hungerb\u00fchler<br \/>\n<a href=\"mailto:info@juniainitiative.com\">info@juniainitiative.com<\/a><\/p>\n<p>&nbsp;<\/p>\n<p style=\"text-align: center;\">Souhaitez-vous soutenir financi\u00e8rement l&rsquo;Initiative Junia ?<br \/>\nNous vous remercions de votre contribution sur IBAN CH33 0077 0254 5339 3200 1<\/p>\n<p>[\/vc_column_text][\/vc_column_inner][\/vc_row_inner][\/vc_column][\/vc_row][vc_row css_animation=\u00a0\u00bb\u00a0\u00bb row_type=\u00a0\u00bbrow\u00a0\u00bb use_row_as_full_screen_section=\u00a0\u00bbno\u00a0\u00bb type=\u00a0\u00bbfull_width\u00a0\u00bb angled_section=\u00a0\u00bbno\u00a0\u00bb text_align=\u00a0\u00bbleft\u00a0\u00bb background_image_as_pattern=\u00a0\u00bbwithout_pattern\u00a0\u00bb z_index=\u00a0\u00bb\u00a0\u00bb][vc_column][vc_row_inner row_type=\u00a0\u00bbrow\u00a0\u00bb type=\u00a0\u00bbgrid\u00a0\u00bb text_align=\u00a0\u00bbleft\u00a0\u00bb css_animation=\u00a0\u00bbelement_from_fade\u00a0\u00bb css=\u00a0\u00bb.vc_custom_1569848033921{padding-top: 140px !important;padding-bottom: 60px !important;}\u00a0\u00bb transition_delay=\u00a0\u00bb300&Prime;][vc_column_inner][qode_elements_holder number_of_columns=\u00a0\u00bbtwo_columns\u00a0\u00bb switch_to_one_column=\u00a0\u00bb1000&Prime;][qode_elements_holder_item vertical_alignment=\u00a0\u00bbmiddle\u00a0\u00bb advanced_animations=\u00a0\u00bbno\u00a0\u00bb item_padding=\u00a0\u00bb0 0 0 0&Prime;][vc_single_image image=\u00a0\u00bb2906&Prime; img_size=\u00a0\u00bbfull\u00a0\u00bb qode_css_animation=\u00a0\u00bb\u00a0\u00bb qode_hover_animation=\u00a0\u00bbzoom_in\u00a0\u00bb][\/qode_elements_holder_item][qode_elements_holder_item vertical_alignment=\u00a0\u00bbmiddle\u00a0\u00bb advanced_animations=\u00a0\u00bbno\u00a0\u00bb item_padding=\u00a0\u00bb0 0 0 60px\u00a0\u00bb item_padding_1024_1280=\u00a0\u00bb1px 0 0 60px\u00a0\u00bb item_padding_600_768=\u00a0\u00bb50px 0 0 0&Prime; item_padding_480_600=\u00a0\u00bb50px 0 0 0&Prime; item_padding_480=\u00a0\u00bb50px 0 0 0&Prime;][vc_column_text]<\/p>\n<h4>[vc_separator type=\u00a0\u00bbsmall\u00a0\u00bb position=\u00a0\u00bbleft\u00a0\u00bb color=\u00a0\u00bb#858585&Prime; thickness=\u00a0\u00bb1&Prime; width=\u00a0\u00bb39&Prime; up=\u00a0\u00bb7&Prime; down=\u00a0\u00bb7&Prime;]Fondements th\u00e9ologique<\/h4>\n<h2><\/h2>\n<p>[\/vc_column_text][vc_column_text css=\u00a0\u00bb.vc_custom_1589459020628{margin-top: -10px !important;}\u00a0\u00bb]<\/p>\n<h2>Mission sacramentelle<\/h2>\n<p>[\/vc_column_text][vc_empty_space height=\u00a0\u00bb21px\u00a0\u00bb][vc_column_text]Le c\u00e9libat dans le sacerdoce s&rsquo;inscrit dans une structure hi\u00e9rarchique sacralis\u00e9e, qui en pratique se concentre de moins en moins sur la communaut\u00e9 et de plus en plus sur l&rsquo;auto-pr\u00e9servation de ce syst\u00e8me. L&rsquo;initiative #Junia suit ces d\u00e9veloppements avec inqui\u00e9tude. Elle per\u00e7oit un appauvrissement sacramentel dans les communaut\u00e9s, les congr\u00e9gations et les institutions et critique le fait que des exp\u00e9riences pr\u00e9cieuses en relation avec le divin soient abandonn\u00e9es au profit de la pr\u00e9servation du syst\u00e8me. Elle aimerait trouver une solution pour sortir du lien qui se joue entre fonction, cons\u00e9cration, pouvoir et genre. Ce fonctionnement a entra\u00een\u00e9 de grandes souffrances, devenues de plus en plus visibles ces derni\u00e8res ann\u00e9es.[\/vc_column_text][vc_empty_space height=\u00a0\u00bb26px\u00a0\u00bb]<a  itemprop=\"url\" href=\"https:\/\/juniaInitiative.com\/fr\/junia\/\" target=\"_self\"  class=\"qbutton  default\" style=\"\">Plus des informations<\/a>[\/qode_elements_holder_item][\/qode_elements_holder][\/vc_column_inner][\/vc_row_inner][vc_row_inner row_type=\u00a0\u00bbrow\u00a0\u00bb type=\u00a0\u00bbgrid\u00a0\u00bb text_align=\u00a0\u00bbleft\u00a0\u00bb css_animation=\u00a0\u00bbelement_from_fade\u00a0\u00bb css=\u00a0\u00bb.vc_custom_1569848040650{padding-top: 70px !important;padding-bottom: 70px !important;}\u00a0\u00bb transition_delay=\u00a0\u00bb300&Prime;][vc_column_inner][qode_elements_holder number_of_columns=\u00a0\u00bbtwo_columns\u00a0\u00bb switch_to_one_column=\u00a0\u00bb1000&Prime;][qode_elements_holder_item vertical_alignment=\u00a0\u00bbmiddle\u00a0\u00bb advanced_animations=\u00a0\u00bbno\u00a0\u00bb item_padding=\u00a0\u00bb0 60px 0 0&Prime; item_padding_1024_1280=\u00a0\u00bb37px 60px 0 0&Prime; item_padding_768_1024=\u00a0\u00bb0 20px 50px 0&Prime; item_padding_600_768=\u00a0\u00bb0 20px 50px 0&Prime; item_padding_480_600=\u00a0\u00bb0 0 50px 0&Prime; item_padding_480=\u00a0\u00bb0 0 50px 0&Prime;][vc_column_text]<\/p>\n<h4>[vc_separator type=\u00a0\u00bbsmall\u00a0\u00bb position=\u00a0\u00bbleft\u00a0\u00bb color=\u00a0\u00bb#858585&Prime; thickness=\u00a0\u00bb1&Prime; width=\u00a0\u00bb39&Prime; up=\u00a0\u00bb7&Prime; down=\u00a0\u00bb7&Prime;]Visages<\/h4>\n<p>[\/vc_column_text][vc_column_text css=\u00a0\u00bb.vc_custom_1577102819443{margin-top: -10px !important;}\u00a0\u00bb]<\/p>\n<h2>Pr\u00eates \u00e0 la mission<\/h2>\n<p>[\/vc_column_text][vc_empty_space height=\u00a0\u00bb21px\u00a0\u00bb][vc_column_text]Bient\u00f4t les femmes* pr\u00eates \u00e0 \u00eatre envoy\u00e9es nous parleront de leur vocation \u00e0 la mission sacramentelle et de leur travail dans l&rsquo;\u00c9glise. Faites-vous aussi confiance \u00e0 l&rsquo;appel de Dieu ? Recevez-vous aussi l&rsquo;appel \u00e0 la mission sacramentelle ? Dans ce cas, veuillez nous contacter d\u00e8s maintenant \u00e0 l&rsquo;adresse info@juniainitiative.com. Nous prendrons contact avec vous.[\/vc_column_text][vc_empty_space height=\u00a0\u00bb26px\u00a0\u00bb]<a  itemprop=\"url\" href=\"\/zur-sendung-bereit\" target=\"_self\"  class=\"qbutton  default\" style=\"font-style: normal; \">Plus des informations<\/a>[\/qode_elements_holder_item][qode_elements_holder_item vertical_alignment=\u00a0\u00bbmiddle\u00a0\u00bb advanced_animations=\u00a0\u00bbno\u00a0\u00bb item_padding=\u00a0\u00bb0 0 0 0&Prime;][vc_single_image image=\u00a0\u00bb903&Prime; img_size=\u00a0\u00bbfull\u00a0\u00bb qode_css_animation=\u00a0\u00bb\u00a0\u00bb qode_hover_animation=\u00a0\u00bbzoom_in\u00a0\u00bb][\/qode_elements_holder_item][\/qode_elements_holder][\/vc_column_inner][\/vc_row_inner][vc_row_inner row_type=\u00a0\u00bbrow\u00a0\u00bb type=\u00a0\u00bbgrid\u00a0\u00bb text_align=\u00a0\u00bbleft\u00a0\u00bb css_animation=\u00a0\u00bbelement_from_fade\u00a0\u00bb css=\u00a0\u00bb.vc_custom_1569848048862{padding-top: 70px !important;padding-bottom: 140px !important;}\u00a0\u00bb transition_delay=\u00a0\u00bb300&Prime;][vc_column_inner][qode_elements_holder number_of_columns=\u00a0\u00bbtwo_columns\u00a0\u00bb switch_to_one_column=\u00a0\u00bb1000&Prime;][qode_elements_holder_item vertical_alignment=\u00a0\u00bbmiddle\u00a0\u00bb advanced_animations=\u00a0\u00bbno\u00a0\u00bb item_padding=\u00a0\u00bb0 0 0 0&Prime;][vc_single_image image=\u00a0\u00bb857&Prime; img_size=\u00a0\u00bbfull\u00a0\u00bb qode_css_animation=\u00a0\u00bb\u00a0\u00bb qode_hover_animation=\u00a0\u00bbzoom_in\u00a0\u00bb][\/qode_elements_holder_item][qode_elements_holder_item vertical_alignment=\u00a0\u00bbmiddle\u00a0\u00bb advanced_animations=\u00a0\u00bbno\u00a0\u00bb item_padding=\u00a0\u00bb0 0 0 60px\u00a0\u00bb item_padding_1024_1280=\u00a0\u00bb1px 0 0 60px\u00a0\u00bb item_padding_600_768=\u00a0\u00bb50px 0 0 0&Prime; item_padding_480_600=\u00a0\u00bb50px 0 0 0&Prime; item_padding_480=\u00a0\u00bb50px 0 0 0&Prime;][vc_column_text]<\/p>\n<h4>[vc_separator type=\u00a0\u00bbsmall\u00a0\u00bb position=\u00a0\u00bbleft\u00a0\u00bb color=\u00a0\u00bb#858585&Prime; thickness=\u00a0\u00bb1&Prime; width=\u00a0\u00bb39&Prime; up=\u00a0\u00bb7&Prime; down=\u00a0\u00bb7&Prime;]Ev\u00e9nement<\/h4>\n<p>[\/vc_column_text][vc_column_text css=\u00a0\u00bb.vc_custom_1577103064102{margin-top: -10px !important;}\u00a0\u00bb]<\/p>\n<h2>Le 17 mai 2020<\/h2>\n<p>[\/vc_column_text][vc_empty_space height=\u00a0\u00bb21px\u00a0\u00bb][vc_column_text]Le 17 mai, le jour de la f\u00eate de Sainte Junie, nous nous montrons\u00a0: Nous sommes pr\u00eates. Nous donnons notre visage \u00e0 l\u2019Eglise.\u00a0 Avec notre disponibilit\u00e9 officielle \u00e0 la mission sacramentelle, nous contribuons \u00e0 son visage humain.<\/p>\n<p>Nous nous pr\u00e9sentons avec toutes celles et ceux qui nous soutiennent dans les paroisses et dans les institutions. Cela sera pour nous tous une journ\u00e9e o\u00f9 nous f\u00eaterons ce que notre Eglise peut devenir\u00a0: peuple de Dieu.<\/p>\n<p>De plus amples informations vont suivre.[\/vc_column_text][vc_empty_space height=\u00a0\u00bb26px\u00a0\u00bb]<a  itemprop=\"url\" href=\"\/agenda\" target=\"_self\"  class=\"qbutton  default\" style=\"\">Agenda<\/a>[\/qode_elements_holder_item][\/qode_elements_holder][\/vc_column_inner][\/vc_row_inner][\/vc_column][\/vc_row][vc_row css_animation=\u00a0\u00bbelement_from_fade\u00a0\u00bb row_type=\u00a0\u00bbrow\u00a0\u00bb use_row_as_full_screen_section=\u00a0\u00bbno\u00a0\u00bb type=\u00a0\u00bbgrid\u00a0\u00bb angled_section=\u00a0\u00bbno\u00a0\u00bb text_align=\u00a0\u00bbleft\u00a0\u00bb background_image_as_pattern=\u00a0\u00bbwithout_pattern\u00a0\u00bb css=\u00a0\u00bb.vc_custom_1571822980792{padding-bottom: 120px !important;}\u00a0\u00bb z_index=\u00a0\u00bb\u00a0\u00bb][vc_column][qode_elements_holder number_of_columns=\u00a0\u00bbtwo_columns\u00a0\u00bb][qode_elements_holder_item vertical_alignment=\u00a0\u00bbmiddle\u00a0\u00bb advanced_animations=\u00a0\u00bbno\u00a0\u00bb item_padding=\u00a0\u00bb29px 39px 0px 0&Prime; item_padding_1024_1280=\u00a0\u00bb34px 54px 0px 0&Prime; item_padding_480_600=\u00a0\u00bb77px 4px 0px 0&Prime; item_padding_480=\u00a0\u00bb77px 4px 0px 0&Prime;]<div role=\"form\" class=\"wpcf7\" id=\"wpcf7-f1578-o1\" lang=\"de-DE\" dir=\"ltr\">\n<div class=\"screen-reader-response\"><p role=\"status\" aria-live=\"polite\" aria-atomic=\"true\"><\/p> <ul><\/ul><\/div>\n<form action=\"\/fr\/wp-json\/wp\/v2\/pages\/2023#wpcf7-f1578-o1\" method=\"post\" class=\"wpcf7-form init cf7_custom_style_1\" novalidate=\"novalidate\" data-status=\"init\">\n<div style=\"display: none;\">\n<input type=\"hidden\" name=\"_wpcf7\" value=\"1578\" \/>\n<input type=\"hidden\" name=\"_wpcf7_version\" value=\"5.6.1\" \/>\n<input type=\"hidden\" name=\"_wpcf7_locale\" value=\"de_DE\" \/>\n<input type=\"hidden\" name=\"_wpcf7_unit_tag\" value=\"wpcf7-f1578-o1\" \/>\n<input type=\"hidden\" name=\"_wpcf7_container_post\" value=\"0\" \/>\n<input type=\"hidden\" name=\"_wpcf7_posted_data_hash\" value=\"\" \/>\n<input type=\"hidden\" name=\"_wpcf7_recaptcha_response\" value=\"\" \/>\n<\/div>\n<div class=\"form-row\"><label>\n<div class=\"form-row-label\">Anrede<\/div>\n<div class=\"form-row-input\"><span class=\"wpcf7-form-control-wrap\" data-name=\"anrede\"><select name=\"anrede\" class=\"wpcf7-form-control wpcf7-select\" aria-invalid=\"false\"><option value=\"\u2013\">\u2013<\/option><option value=\"Frau\">Frau<\/option><option value=\"Herr\">Herr<\/option><\/select><\/span><\/div>\n<p><\/label><\/div>\n<div class=\"form-row\"><label>\n<div class=\"form-row-label\">Vorname<\/div>\n<div class=\"form-row-input\"><span class=\"wpcf7-form-control-wrap\" data-name=\"your-vorname\"><input type=\"text\" name=\"your-vorname\" value=\"\" size=\"40\" class=\"wpcf7-form-control wpcf7-text\" aria-invalid=\"false\" \/><\/span><\/div>\n<p><\/label><\/div>\n<div class=\"form-row\"><label>\n<div class=\"form-row-label\">Name<\/div>\n<div class=\"form-row-input\"><span class=\"wpcf7-form-control-wrap\" data-name=\"your-name\"><input type=\"text\" name=\"your-name\" value=\"\" size=\"40\" class=\"wpcf7-form-control wpcf7-text\" aria-invalid=\"false\" \/><\/span><\/div>\n<p><\/label><\/div>\n<div class=\"form-row\"><label>\n<div class=\"form-row-label\">E-Mail-Adresse*<\/div>\n<div class=\"form-row-input\"><span class=\"wpcf7-form-control-wrap\" data-name=\"your-email\"><input type=\"email\" name=\"your-email\" value=\"\" size=\"40\" class=\"wpcf7-form-control wpcf7-text wpcf7-email wpcf7-validates-as-required wpcf7-validates-as-email\" aria-required=\"true\" aria-invalid=\"false\" \/><\/span><\/div>\n<p><\/label><\/div>\n<p><label> <span class=\"wpcf7-form-control-wrap\" data-name=\"checkbox-email\"><span class=\"wpcf7-form-control wpcf7-checkbox wpcf7-validates-as-required\"><span class=\"wpcf7-list-item first last\"><input type=\"checkbox\" name=\"checkbox-email[]\" value=\"Ich bin damit einverstanden, dass diese Angaben verwendet werden.*\" \/><span class=\"wpcf7-list-item-label\">Ich bin damit einverstanden, dass diese Angaben verwendet werden.*<\/span><\/span><\/span><\/span> <\/label><\/p>\n<p><input type=\"submit\" value=\"Senden\" class=\"wpcf7-form-control has-spinner wpcf7-submit\" \/><\/p>\n<div class=\"wpcf7-response-output\" aria-hidden=\"true\"><\/div><\/form><\/div>[\/qode_elements_holder_item][qode_elements_holder_item vertical_alignment=\u00a0\u00bbtop\u00a0\u00bb advanced_animations=\u00a0\u00bbno\u00a0\u00bb item_padding=\u00a0\u00bb0px 0 0 0px\u00a0\u00bb item_padding_1280_1440=\u00a0\u00bb7px 0 0 0px\u00a0\u00bb item_padding_1024_1280=\u00a0\u00bb7px 0 0 0px\u00a0\u00bb item_padding_768_1024=\u00a0\u00bb50px 100px 40px 12px\u00a0\u00bb item_padding_600_768=\u00a0\u00bb0px 0px 0px 0&Prime; item_padding_480_600=\u00a0\u00bb0px 0 0px 0px\u00a0\u00bb custom_class=\u00a0\u00bbbreakpoint_title\u00a0\u00bb][vc_column_text]<\/p>\n<h2>Restez inform\u00e9s !<\/h2>\n<p>[\/vc_column_text][vc_empty_space][vc_column_text]Souhaitez-vous recevoir les derni\u00e8res informations de notre part ? Alors vous pouvez vous inscrire ici pour ne plus rien manquer.[\/vc_column_text][\/qode_elements_holder_item][\/qode_elements_holder][\/vc_column][\/vc_row]<\/p>\n","protected":false},"excerpt":{"rendered":"<p>[vc_row css_animation=\u00a0\u00bb\u00a0\u00bb row_type=\u00a0\u00bbrow\u00a0\u00bb use_row_as_full_screen_section=\u00a0\u00bbno\u00a0\u00bb type=\u00a0\u00bbfull_width\u00a0\u00bb angled_section=\u00a0\u00bbno\u00a0\u00bb text_align=\u00a0\u00bbleft\u00a0\u00bb background_image_as_pattern=\u00a0\u00bbwithout_pattern\u00a0\u00bb][vc_column][rev_slider_vc alias=\u00a0\u00bbjuniainitiative-home\u00a0\u00bb][\/vc_column][\/vc_row][vc_row css_animation=\u00a0\u00bb\u00a0\u00bb row_type=\u00a0\u00bbrow\u00a0\u00bb use_row_as_full_screen_section=\u00a0\u00bbno\u00a0\u00bb type=\u00a0\u00bbfull_width\u00a0\u00bb angled_section=\u00a0\u00bbno\u00a0\u00bb text_align=\u00a0\u00bbleft\u00a0\u00bb background_image_as_pattern=\u00a0\u00bbwithout_pattern\u00a0\u00bb z_index=\u00a0\u00bb\u00a0\u00bb css=\u00a0\u00bb.vc_custom_1571822443439{background-color: #e6e6e6 !important;}\u00a0\u00bb][vc_column][vc_row_inner row_type=\u00a0\u00bbrow\u00a0\u00bb type=\u00a0\u00bbgrid\u00a0\u00bb text_align=\u00a0\u00bbleft\u00a0\u00bb css_animation=\u00a0\u00bbelement_from_fade\u00a0\u00bb css=\u00a0\u00bb.vc_custom_1570015792621{padding-top: 140px !important;padding-bottom: 140px !important;}\u00a0\u00bb transition_delay=\u00a0\u00bb300&Prime;][vc_column_inner][vc_column_text] Bienvenue [\/vc_column_text][vc_column_text css=\u00a0\u00bb.vc_custom_1577103005028{padding-top: 40px !important;}\u00a0\u00bb el_class=\u00a0\u00bbcolumn_2&Prime;]Depuis des d\u00e9cennies, l\u2019Eglise peut compter sur des personnes qui s\u2019engagent en son sein et lui donnent un visage \u2013 ind\u00e9pendamment de leur sexe et de leur mode de vie. Beaucoup de ceux qui entrent en contact avec l&rsquo;\u00e9glise locale ont eu de bonnes exp\u00e9riences avec des th\u00e9ologiennes*, des cat\u00e9chistes* et d&rsquo;autres personnes appel\u00e9es dans nos paroisses, dans la formation continue des adultes et dans les h\u00f4pitaux. Ces exp\u00e9riences ont rompu le lien entre le genre biologique et la vocation sp\u00e9ciale \u00e0 la mission sacramentelle. Nous sommes convaincus que c&rsquo;est maintenant que nous devons mettre sur la table ce qui doit \u00eatre transform\u00e9 : si, en tant qu&rsquo;Eglise, nous voulons d\u00e9fendre la dignit\u00e9 de tous&#8230;<\/p>\n","protected":false},"author":1,"featured_media":0,"parent":0,"menu_order":0,"comment_status":"closed","ping_status":"closed","template":"full_width.php","meta":[],"yoast_head":"<!-- This site is optimized with the Yoast SEO plugin v19.3 - https:\/\/yoast.com\/wordpress\/plugins\/seo\/ -->\n<title>Home - #JuniaInitiative<\/title>\n<meta name=\"description\" content=\"Seit Jahrzehnten geben Menschen der Kirche gemeinsam ein Gesicht. Die #JuniaInitiative unterst\u00fctzt zusammen mit etlichen Frauen genau diese Sache .\" \/>\n<meta name=\"robots\" content=\"index, follow, max-snippet:-1, max-image-preview:large, max-video-preview:-1\" \/>\n<link rel=\"canonical\" href=\"https:\/\/juniainitiative.com\/fr\/\" \/>\n<meta property=\"og:locale\" content=\"fr_FR\" \/>\n<meta property=\"og:type\" content=\"article\" \/>\n<meta property=\"og:title\" content=\"Home - #JuniaInitiative\" \/>\n<meta property=\"og:description\" content=\"Seit Jahrzehnten geben Menschen der Kirche gemeinsam ein Gesicht. Die #JuniaInitiative unterst\u00fctzt zusammen mit etlichen Frauen genau diese Sache .\" \/>\n<meta property=\"og:url\" content=\"https:\/\/juniainitiative.com\/fr\/\" \/>\n<meta property=\"og:site_name\" content=\"#JuniaInitiative\" \/>\n<meta property=\"article:modified_time\" content=\"2020-05-14T12:32:12+00:00\" \/>\n<meta name=\"twitter:card\" content=\"summary_large_image\" \/>\n<meta name=\"twitter:label1\" content=\"Dur\u00e9e de lecture estim\u00e9e\" \/>\n\t<meta name=\"twitter:data1\" content=\"7 minutes\" \/>\n<script type=\"application\/ld+json\" class=\"yoast-schema-graph\">{\"@context\":\"https:\/\/schema.org\",\"@graph\":[{\"@type\":\"WebSite\",\"@id\":\"https:\/\/juniainitiative.com\/#website\",\"url\":\"https:\/\/juniainitiative.com\/\",\"name\":\"#JuniaInitiative\",\"description\":\"\",\"potentialAction\":[{\"@type\":\"SearchAction\",\"target\":{\"@type\":\"EntryPoint\",\"urlTemplate\":\"https:\/\/juniainitiative.com\/?s={search_term_string}\"},\"query-input\":\"required name=search_term_string\"}],\"inLanguage\":\"fr-FR\"},{\"@type\":\"WebPage\",\"@id\":\"https:\/\/juniainitiative.com\/fr\/\",\"url\":\"https:\/\/juniainitiative.com\/fr\/\",\"name\":\"Home - #JuniaInitiative\",\"isPartOf\":{\"@id\":\"https:\/\/juniainitiative.com\/#website\"},\"datePublished\":\"2018-03-12T07:57:02+00:00\",\"dateModified\":\"2020-05-14T12:32:12+00:00\",\"description\":\"Seit Jahrzehnten geben Menschen der Kirche gemeinsam ein Gesicht. Die #JuniaInitiative unterst\u00fctzt zusammen mit etlichen Frauen genau diese Sache .\",\"breadcrumb\":{\"@id\":\"https:\/\/juniainitiative.com\/fr\/#breadcrumb\"},\"inLanguage\":\"fr-FR\",\"potentialAction\":[{\"@type\":\"ReadAction\",\"target\":[\"https:\/\/juniainitiative.com\/fr\/\"]}]},{\"@type\":\"BreadcrumbList\",\"@id\":\"https:\/\/juniainitiative.com\/fr\/#breadcrumb\",\"itemListElement\":[{\"@type\":\"ListItem\",\"position\":1,\"name\":\"Startseite\",\"item\":\"https:\/\/juniainitiative.com\/fr\/\"},{\"@type\":\"ListItem\",\"position\":2,\"name\":\"Home\"}]}]}<\/script>\n<!-- \/ Yoast SEO plugin. -->","yoast_head_json":{"title":"Home - #JuniaInitiative","description":"Seit Jahrzehnten geben Menschen der Kirche gemeinsam ein Gesicht. Die #JuniaInitiative unterst\u00fctzt zusammen mit etlichen Frauen genau diese Sache .","robots":{"index":"index","follow":"follow","max-snippet":"max-snippet:-1","max-image-preview":"max-image-preview:large","max-video-preview":"max-video-preview:-1"},"canonical":"https:\/\/juniainitiative.com\/fr\/","og_locale":"fr_FR","og_type":"article","og_title":"Home - #JuniaInitiative","og_description":"Seit Jahrzehnten geben Menschen der Kirche gemeinsam ein Gesicht. Die #JuniaInitiative unterst\u00fctzt zusammen mit etlichen Frauen genau diese Sache .","og_url":"https:\/\/juniainitiative.com\/fr\/","og_site_name":"#JuniaInitiative","article_modified_time":"2020-05-14T12:32:12+00:00","twitter_card":"summary_large_image","twitter_misc":{"Dur\u00e9e de lecture estim\u00e9e":"7 minutes"},"schema":{"@context":"https:\/\/schema.org","@graph":[{"@type":"WebSite","@id":"https:\/\/juniainitiative.com\/#website","url":"https:\/\/juniainitiative.com\/","name":"#JuniaInitiative","description":"","potentialAction":[{"@type":"SearchAction","target":{"@type":"EntryPoint","urlTemplate":"https:\/\/juniainitiative.com\/?s={search_term_string}"},"query-input":"required name=search_term_string"}],"inLanguage":"fr-FR"},{"@type":"WebPage","@id":"https:\/\/juniainitiative.com\/fr\/","url":"https:\/\/juniainitiative.com\/fr\/","name":"Home - #JuniaInitiative","isPartOf":{"@id":"https:\/\/juniainitiative.com\/#website"},"datePublished":"2018-03-12T07:57:02+00:00","dateModified":"2020-05-14T12:32:12+00:00","description":"Seit Jahrzehnten geben Menschen der Kirche gemeinsam ein Gesicht. Die #JuniaInitiative unterst\u00fctzt zusammen mit etlichen Frauen genau diese Sache .","breadcrumb":{"@id":"https:\/\/juniainitiative.com\/fr\/#breadcrumb"},"inLanguage":"fr-FR","potentialAction":[{"@type":"ReadAction","target":["https:\/\/juniainitiative.com\/fr\/"]}]},{"@type":"BreadcrumbList","@id":"https:\/\/juniainitiative.com\/fr\/#breadcrumb","itemListElement":[{"@type":"ListItem","position":1,"name":"Startseite","item":"https:\/\/juniainitiative.com\/fr\/"},{"@type":"ListItem","position":2,"name":"Home"}]}]}},"_links":{"self":[{"href":"https:\/\/juniainitiative.com\/fr\/wp-json\/wp\/v2\/pages\/2023"}],"collection":[{"href":"https:\/\/juniainitiative.com\/fr\/wp-json\/wp\/v2\/pages"}],"about":[{"href":"https:\/\/juniainitiative.com\/fr\/wp-json\/wp\/v2\/types\/page"}],"author":[{"embeddable":true,"href":"https:\/\/juniainitiative.com\/fr\/wp-json\/wp\/v2\/users\/1"}],"replies":[{"embeddable":true,"href":"https:\/\/juniainitiative.com\/fr\/wp-json\/wp\/v2\/comments?post=2023"}],"version-history":[{"count":15,"href":"https:\/\/juniainitiative.com\/fr\/wp-json\/wp\/v2\/pages\/2023\/revisions"}],"predecessor-version":[{"id":3301,"href":"https:\/\/juniainitiative.com\/fr\/wp-json\/wp\/v2\/pages\/2023\/revisions\/3301"}],"wp:attachment":[{"href":"https:\/\/juniainitiative.com\/fr\/wp-json\/wp\/v2\/media?parent=2023"}],"curies":[{"name":"wp","href":"https:\/\/api.w.org\/{rel}","templated":true}]}}