{"id":2033,"date":"2019-09-26T13:37:46","date_gmt":"2019-09-26T11:37:46","guid":{"rendered":"https:\/\/juniainitiative.com\/zur-sendung-bereit\/"},"modified":"2020-01-13T10:15:50","modified_gmt":"2020-01-13T09:15:50","slug":"zur-sendung-bereit","status":"publish","type":"page","link":"https:\/\/juniainitiative.com\/fr\/zur-sendung-bereit\/","title":{"rendered":"Pr\u00eates \u00e0 la mission"},"content":{"rendered":"<p>[vc_row css_animation=\u00a0\u00bb\u00a0\u00bb row_type=\u00a0\u00bbrow\u00a0\u00bb use_row_as_full_screen_section=\u00a0\u00bbno\u00a0\u00bb type=\u00a0\u00bbfull_width\u00a0\u00bb angled_section=\u00a0\u00bbno\u00a0\u00bb text_align=\u00a0\u00bbcenter\u00a0\u00bb background_image_as_pattern=\u00a0\u00bbwithout_pattern\u00a0\u00bb z_index=\u00a0\u00bb\u00a0\u00bb][vc_column el_id=\u00a0\u00bbformular_btn\u00a0\u00bb]<div class=\"qode-accordion-holder clearfix qode-toggle qode-initial \">\n\t<h3 class=\"clearfix qode-title-holder\">\n<span class=\"qode-tab-title\">\n\t    <span class=\"qode-tab-title-inner\">\n        Inscrivez-vous aussi en tant que support *!    <\/span>\n<\/span>\n<span class=\"qode-accordion-mark\">\n    <span class=\"qode-accordion-mark-icon\">\n        <span class=\"icon_plus\"><\/span>\n        <span class=\"icon_minus-06\"><\/span>\n    <\/span>\n<\/span>\n<\/h3>\n<div  class=\"qode-accordion-content \" >\n    <div class=\"qode-accordion-content-inner\">\n        <script type=\"text\/javascript\">var gform;gform||(document.addEventListener(\"gform_main_scripts_loaded\",function(){gform.scriptsLoaded=!0}),window.addEventListener(\"DOMContentLoaded\",function(){gform.domLoaded=!0}),gform={domLoaded:!1,scriptsLoaded:!1,initializeOnLoaded:function(o){gform.domLoaded&&gform.scriptsLoaded?o():!gform.domLoaded&&gform.scriptsLoaded?window.addEventListener(\"DOMContentLoaded\",o):document.addEventListener(\"gform_main_scripts_loaded\",o)},hooks:{action:{},filter:{}},addAction:function(o,n,r,t){gform.addHook(\"action\",o,n,r,t)},addFilter:function(o,n,r,t){gform.addHook(\"filter\",o,n,r,t)},doAction:function(o){gform.doHook(\"action\",o,arguments)},applyFilters:function(o){return gform.doHook(\"filter\",o,arguments)},removeAction:function(o,n){gform.removeHook(\"action\",o,n)},removeFilter:function(o,n,r){gform.removeHook(\"filter\",o,n,r)},addHook:function(o,n,r,t,i){null==gform.hooks[o][n]&&(gform.hooks[o][n]=[]);var e=gform.hooks[o][n];null==i&&(i=n+\"_\"+e.length),gform.hooks[o][n].push({tag:i,callable:r,priority:t=null==t?10:t})},doHook:function(n,o,r){var t;if(r=Array.prototype.slice.call(r,1),null!=gform.hooks[n][o]&&((o=gform.hooks[n][o]).sort(function(o,n){return o.priority-n.priority}),o.forEach(function(o){\"function\"!=typeof(t=o.callable)&&(t=window[t]),\"action\"==n?t.apply(null,r):r[0]=t.apply(null,r)})),\"filter\"==n)return r[0]},removeHook:function(o,n,t,i){var r;null!=gform.hooks[o][n]&&(r=(r=gform.hooks[o][n]).filter(function(o,n,r){return!!(null!=i&&i!=o.tag||null!=t&&t!=o.priority)}),gform.hooks[o][n]=r)}});<\/script>\n                <div class='gf_browser_gecko gform_wrapper gform_legacy_markup_wrapper' id='gform_wrapper_6' ><form method='post' enctype='multipart\/form-data'  id='gform_6'  action='\/fr\/wp-json\/wp\/v2\/pages\/2033' >\n                        <div class='gform_body gform-body'><ul id='gform_fields_6' class='gform_fields top_label form_sublabel_below description_above'><li id=\"field_6_2\"  class=\"gfield gf_right_half gfield_contains_required field_sublabel_below field_description_above gfield_visibility_visible\"  data-js-reload=\"field_6_2\"><label class='gfield_label' for='input_6_2' >Vorname<span class=\"gfield_required\"><span class=\"gfield_required gfield_required_asterisk\">*<\/span><\/span><\/label><div class='ginput_container ginput_container_text'><input name='input_2' id='input_6_2' type='text' value='' class='medium'     aria-required=\"true\" aria-invalid=\"false\"   \/> <\/div><\/li><li id=\"field_6_1\"  class=\"gfield gf_left_half field_sublabel_below field_description_above gfield_visibility_visible\"  data-js-reload=\"field_6_1\"><label class='gfield_label' for='input_6_1' >Name<\/label><div class='ginput_container ginput_container_text'><input name='input_1' id='input_6_1' type='text' value='' class='medium'      aria-invalid=\"false\"   \/> <\/div><\/li><li id=\"field_6_12\"  class=\"gfield gf_left_half gfield_contains_required field_sublabel_below field_description_above gfield_visibility_visible\"  data-js-reload=\"field_6_12\"><label class='gfield_label' for='input_6_12' >Leitspruch<span class=\"gfield_required\"><span class=\"gfield_required gfield_required_asterisk\">*<\/span><\/span><\/label><div class='ginput_container ginput_container_textarea'><textarea name='input_12' id='input_6_12' class='textarea medium'     aria-required=\"true\" aria-invalid=\"false\"   rows='10' cols='50'><\/textarea><\/div><\/li><li id=\"field_6_8\"  class=\"gfield gf_right_half gfield_contains_required field_sublabel_below field_description_above gfield_visibility_visible\"  data-js-reload=\"field_6_8\"><label class='gfield_label' for='input_6_8' >Funktion \/ Engagement in der Kirche \/ Land, Bistum\u2026<span class=\"gfield_required\"><span class=\"gfield_required gfield_required_asterisk\">*<\/span><\/span><\/label><div class='gfield_description' id='gfield_description_6_8'>Nur das Angeben des Landes ist Pflicht. Die restlichen Angaben sind optional.<\/div><div class='ginput_container ginput_container_textarea'><textarea name='input_8' id='input_6_8' class='textarea medium'  aria-describedby=\"gfield_description_6_8\"   aria-required=\"true\" aria-invalid=\"false\"   rows='10' cols='50'><\/textarea><\/div><\/li><li id=\"field_6_9\"  class=\"gfield gf_left_half gfield_contains_required field_sublabel_below field_description_above gfield_visibility_visible\"  data-js-reload=\"field_6_9\"><label class='gfield_label' for='input_6_9' >Motivation<span class=\"gfield_required\"><span class=\"gfield_required gfield_required_asterisk\">*<\/span><\/span><\/label><div class='ginput_container ginput_container_textarea'><textarea name='input_9' id='input_6_9' class='textarea medium'     aria-required=\"true\" aria-invalid=\"false\"   rows='10' cols='50'><\/textarea><\/div><\/li><li id=\"field_6_10\"  class=\"gfield gf_right_half field_sublabel_below field_description_above gfield_visibility_visible\"  data-js-reload=\"field_6_10\"><label class='gfield_label' for='input_6_10' >Portraitfoto<\/label><div class='gfield_description' id='gfield_description_6_10'>Laden Sie ein Portraitfoto von sich hoch, welches den Besucher*innen der Website angezeigt wird.<\/div><div class='ginput_container ginput_container_fileupload'><input type='hidden' name='MAX_FILE_SIZE' value='134217728' \/><input name='input_10' id='input_6_10' type='file' class='medium' aria-describedby=\"gfield_upload_rules_6_10 gfield_description_6_10\" onchange='javascript:gformValidateFileSize( this, 134217728 );'  \/><span class='gform_fileupload_rules' id='gfield_upload_rules_6_10'>Types de fichiers accept\u00e9s\u00a0: jpg, png, Taille max. des fichiers\u00a0: 128 MB.<\/span><div class='validation_message validation_message--hidden-on-empty' id='live_validation_message_6_10'><\/div><\/div><\/li><li id=\"field_6_14\"  class=\"gfield gf_left_half field_sublabel_below field_description_above gfield_visibility_visible\"  data-js-reload=\"field_6_14\"><label class='gfield_label' for='input_6_14' >E-Mail<\/label><div class='gfield_description' id='gfield_description_6_14'>Geben Sie uns Ihre E-Mail-Adresse an, um auf dem Laufenden zu bleiben.<\/div><div class='ginput_container ginput_container_text'><input name='input_14' id='input_6_14' type='text' value='' class='medium'  aria-describedby=\"gfield_description_6_14\"    aria-invalid=\"false\"   \/> <\/div><\/li><li id=\"field_6_15\"  class=\"gfield gform_validation_container field_sublabel_below field_description_above gfield_visibility_visible\"  data-js-reload=\"field_6_15\"><label class='gfield_label' for='input_6_15' >Name<\/label><div class='gfield_description' id='gfield_description_6_15'>Ce champ n\u2019est utilis\u00e9 qu\u2019\u00e0 des fins de validation et devrait rester inchang\u00e9.<\/div><div class='ginput_container'><input name='input_15' id='input_6_15' type='text' value='' \/><\/div><\/li><\/ul><\/div>\n        <div class='gform_footer top_label'> <input type='submit' id='gform_submit_button_6' class='gform_button button' value='Absenden'  onclick='if(window[\"gf_submitting_6\"]){return false;}  window[\"gf_submitting_6\"]=true;  ' onkeypress='if( event.keyCode == 13 ){ if(window[\"gf_submitting_6\"]){return false;} window[\"gf_submitting_6\"]=true;  jQuery(\"#gform_6\").trigger(\"submit\",[true]); }' \/> \n            <input type='hidden' class='gform_hidden' name='is_submit_6' value='1' \/>\n            <input type='hidden' class='gform_hidden' name='gform_submit' value='6' \/>\n            \n            <input type='hidden' class='gform_hidden' name='gform_unique_id' value='' \/>\n            <input type='hidden' class='gform_hidden' name='state_6' value='WyJbXSIsImVlNTBmMGQyZTU0ZGU3NmYyMTgyMzM0OGI1NGZlYmIwIl0=' \/>\n            <input type='hidden' class='gform_hidden' name='gform_target_page_number_6' id='gform_target_page_number_6' value='0' \/>\n            <input type='hidden' class='gform_hidden' name='gform_source_page_number_6' id='gform_source_page_number_6' value='1' \/>\n            <input type='hidden' name='gform_field_values' value='' \/>\n            \n        <\/div>\n                        <\/form>\n                        <\/div>    <\/div>\n<\/div><\/div>[\/vc_column][\/vc_row][vc_row css_animation=\u00a0\u00bb\u00a0\u00bb row_type=\u00a0\u00bbrow\u00a0\u00bb use_row_as_full_screen_section=\u00a0\u00bbno\u00a0\u00bb type=\u00a0\u00bbfull_width\u00a0\u00bb angled_section=\u00a0\u00bbno\u00a0\u00bb text_align=\u00a0\u00bbleft\u00a0\u00bb background_image_as_pattern=\u00a0\u00bbwithout_pattern\u00a0\u00bb z_index=\u00a0\u00bb\u00a0\u00bb][vc_column][vc_row_inner row_type=\u00a0\u00bbrow\u00a0\u00bb type=\u00a0\u00bbgrid\u00a0\u00bb text_align=\u00a0\u00bbleft\u00a0\u00bb css_animation=\u00a0\u00bb\u00a0\u00bb css=\u00a0\u00bb.vc_custom_1570024767595{padding-top: 140px !important;padding-bottom: 140px !important;}\u00a0\u00bb][vc_column_inner][qode_elements_holder number_of_columns=\u00a0\u00bbtwo_columns\u00a0\u00bb][qode_elements_holder_item vertical_alignment=\u00a0\u00bbmiddle\u00a0\u00bb advanced_animations=\u00a0\u00bbno\u00a0\u00bb item_padding=\u00a0\u00bb0 60px 0 0&Prime; item_padding_1024_1280=\u00a0\u00bb37px 60px 0 0&Prime; item_padding_768_1024=\u00a0\u00bb0 20px 50px 0&Prime; item_padding_600_768=\u00a0\u00bb0 20px 50px 0&Prime; item_padding_480_600=\u00a0\u00bb0 0 50px 0&Prime; item_padding_480=\u00a0\u00bb0 0 50px 0&Prime;][vc_single_image image=\u00a0\u00bb1322&Prime; img_size=\u00a0\u00bbfull\u00a0\u00bb qode_css_animation=\u00a0\u00bb\u00a0\u00bb qode_hover_animation=\u00a0\u00bbzoom_in\u00a0\u00bb][\/qode_elements_holder_item][qode_elements_holder_item vertical_alignment=\u00a0\u00bbmiddle\u00a0\u00bb horizontal_alignment=\u00a0\u00bbleft\u00a0\u00bb advanced_animations=\u00a0\u00bbno\u00a0\u00bb][vc_column_text]<\/p>\n<h4>[vc_separator type=\u00a0\u00bbsmall\u00a0\u00bb position=\u00a0\u00bbleft\u00a0\u00bb color=\u00a0\u00bb#858585&Prime; thickness=\u00a0\u00bb1&Prime; width=\u00a0\u00bb39&Prime; up=\u00a0\u00bb7&Prime; down=\u00a0\u00bb7&Prime;]Visages<\/h4>\n<p>[\/vc_column_text][vc_column_text css=\u00a0\u00bb.vc_custom_1578590317912{margin-top: -10px !important;}\u00a0\u00bb]<\/p>\n<h3>Pr\u00eates \u00e0 la mission<\/h3>\n<p>[\/vc_column_text][vc_empty_space height=\u00a0\u00bb21px\u00a0\u00bb][vc_column_text]Ce menu est encore en construction. Bient\u00f4t, les femmes* pr\u00eates \u00e0 \u00eatre envoy\u00e9es parleront de leur vocation \u00e0 la mission sacramentelle et de leur travail dans l&rsquo;Eglise. Recevez-vous aussi une vocation \u00e0 la mission sacramentelle ? Faites-vous aussi confiance \u00e0 l&rsquo;appel de Dieu ? Alors pourquoi ne pas vous y tenir publiquement et vous inscrire ici ?[\/vc_column_text][vc_empty_space height=\u00a0\u00bb26px\u00a0\u00bb]<a  itemprop=\"url\" href=\"\" target=\"_self\"  class=\"qbutton  default formular_button\" style=\"\">Inscrivez-vous maintenant !<\/a>[\/qode_elements_holder_item][\/qode_elements_holder][\/vc_column_inner][\/vc_row_inner][\/vc_column][\/vc_row]<\/p>\n","protected":false},"excerpt":{"rendered":"<p>[vc_row css_animation=\u00a0\u00bb\u00a0\u00bb row_type=\u00a0\u00bbrow\u00a0\u00bb use_row_as_full_screen_section=\u00a0\u00bbno\u00a0\u00bb type=\u00a0\u00bbfull_width\u00a0\u00bb angled_section=\u00a0\u00bbno\u00a0\u00bb text_align=\u00a0\u00bbcenter\u00a0\u00bb background_image_as_pattern=\u00a0\u00bbwithout_pattern\u00a0\u00bb z_index=\u00a0\u00bb\u00a0\u00bb][vc_column el_id=\u00a0\u00bbformular_btn\u00a0\u00bb][\/vc_column][\/vc_row][vc_row css_animation=\u00a0\u00bb\u00a0\u00bb row_type=\u00a0\u00bbrow\u00a0\u00bb use_row_as_full_screen_section=\u00a0\u00bbno\u00a0\u00bb type=\u00a0\u00bbfull_width\u00a0\u00bb angled_section=\u00a0\u00bbno\u00a0\u00bb text_align=\u00a0\u00bbleft\u00a0\u00bb background_image_as_pattern=\u00a0\u00bbwithout_pattern\u00a0\u00bb z_index=\u00a0\u00bb\u00a0\u00bb][vc_column][vc_row_inner row_type=\u00a0\u00bbrow\u00a0\u00bb type=\u00a0\u00bbgrid\u00a0\u00bb text_align=\u00a0\u00bbleft\u00a0\u00bb css_animation=\u00a0\u00bb\u00a0\u00bb css=\u00a0\u00bb.vc_custom_1570024767595{padding-top: 140px !important;padding-bottom: 140px !important;}\u00a0\u00bb][vc_column_inner][qode_elements_holder number_of_columns=\u00a0\u00bbtwo_columns\u00a0\u00bb][qode_elements_holder_item vertical_alignment=\u00a0\u00bbmiddle\u00a0\u00bb advanced_animations=\u00a0\u00bbno\u00a0\u00bb item_padding=\u00a0\u00bb0 60px 0 0&Prime; item_padding_1024_1280=\u00a0\u00bb37px 60px 0 0&Prime; item_padding_768_1024=\u00a0\u00bb0 20px 50px 0&Prime; item_padding_600_768=\u00a0\u00bb0 20px 50px 0&Prime; item_padding_480_600=\u00a0\u00bb0 0 50px 0&Prime; item_padding_480=\u00a0\u00bb0 0 50px 0&Prime;][vc_single_image image=\u00a0\u00bb1322&Prime; img_size=\u00a0\u00bbfull\u00a0\u00bb qode_css_animation=\u00a0\u00bb\u00a0\u00bb qode_hover_animation=\u00a0\u00bbzoom_in\u00a0\u00bb][\/qode_elements_holder_item][qode_elements_holder_item vertical_alignment=\u00a0\u00bbmiddle\u00a0\u00bb horizontal_alignment=\u00a0\u00bbleft\u00a0\u00bb advanced_animations=\u00a0\u00bbno\u00a0\u00bb][vc_column_text] [vc_separator type=\u00a0\u00bbsmall\u00a0\u00bb position=\u00a0\u00bbleft\u00a0\u00bb color=\u00a0\u00bb#858585&Prime; thickness=\u00a0\u00bb1&Prime; width=\u00a0\u00bb39&Prime; up=\u00a0\u00bb7&Prime; down=\u00a0\u00bb7&Prime;]Visages [\/vc_column_text][vc_column_text css=\u00a0\u00bb.vc_custom_1578590317912{margin-top: -10px !important;}\u00a0\u00bb] Pr\u00eates \u00e0 la mission [\/vc_column_text][vc_empty_space height=\u00a0\u00bb21px\u00a0\u00bb][vc_column_text]Ce menu est encore en construction. Bient\u00f4t, les femmes* pr\u00eates \u00e0 \u00eatre envoy\u00e9es parleront de leur vocation \u00e0 la mission sacramentelle et de leur travail dans l&rsquo;Eglise. Recevez-vous aussi une vocation \u00e0 la mission sacramentelle ? Faites-vous aussi confiance \u00e0 l&rsquo;appel de Dieu ? Alors pourquoi ne pas vous y tenir publiquement et vous inscrire ici ?[\/vc_column_text][vc_empty_space height=\u00a0\u00bb26px\u00a0\u00bb][\/qode_elements_holder_item][\/qode_elements_holder][\/vc_column_inner][\/vc_row_inner][\/vc_column][\/vc_row]<\/p>\n","protected":false},"author":1,"featured_media":0,"parent":0,"menu_order":0,"comment_status":"closed","ping_status":"closed","template":"blog-masonry-gallery.php","meta":[],"yoast_head":"<!-- This site is optimized with the Yoast SEO plugin v19.3 - https:\/\/yoast.com\/wordpress\/plugins\/seo\/ -->\n<title>Pr\u00eates \u00e0 la mission - #JuniaInitiative<\/title>\n<meta name=\"description\" content=\"Melden Sie sich jetzt als bereite Frau und helfen der #Juniainitiative. Hier sehen Sie auch schon weitere Frauen, die die #Juniainitiative unterst\u00fctzen.\" \/>\n<meta name=\"robots\" content=\"index, follow, max-snippet:-1, max-image-preview:large, max-video-preview:-1\" \/>\n<link rel=\"canonical\" href=\"https:\/\/juniainitiative.com\/fr\/zur-sendung-bereit\/\" \/>\n<meta property=\"og:locale\" content=\"fr_FR\" \/>\n<meta property=\"og:type\" content=\"article\" \/>\n<meta property=\"og:title\" content=\"Pr\u00eates \u00e0 la mission - #JuniaInitiative\" \/>\n<meta property=\"og:description\" content=\"Melden Sie sich jetzt als bereite Frau und helfen der #Juniainitiative. Hier sehen Sie auch schon weitere Frauen, die die #Juniainitiative unterst\u00fctzen.\" \/>\n<meta property=\"og:url\" content=\"https:\/\/juniainitiative.com\/fr\/zur-sendung-bereit\/\" \/>\n<meta property=\"og:site_name\" content=\"#JuniaInitiative\" \/>\n<meta property=\"article:modified_time\" content=\"2020-01-13T09:15:50+00:00\" \/>\n<meta name=\"twitter:card\" content=\"summary_large_image\" \/>\n<meta name=\"twitter:label1\" content=\"Dur\u00e9e de lecture estim\u00e9e\" \/>\n\t<meta name=\"twitter:data1\" content=\"2 minutes\" \/>\n<script type=\"application\/ld+json\" class=\"yoast-schema-graph\">{\"@context\":\"https:\/\/schema.org\",\"@graph\":[{\"@type\":\"WebSite\",\"@id\":\"https:\/\/juniainitiative.com\/#website\",\"url\":\"https:\/\/juniainitiative.com\/\",\"name\":\"#JuniaInitiative\",\"description\":\"\",\"potentialAction\":[{\"@type\":\"SearchAction\",\"target\":{\"@type\":\"EntryPoint\",\"urlTemplate\":\"https:\/\/juniainitiative.com\/?s={search_term_string}\"},\"query-input\":\"required name=search_term_string\"}],\"inLanguage\":\"fr-FR\"},{\"@type\":\"WebPage\",\"@id\":\"https:\/\/juniainitiative.com\/fr\/zur-sendung-bereit\/\",\"url\":\"https:\/\/juniainitiative.com\/fr\/zur-sendung-bereit\/\",\"name\":\"Pr\u00eates \u00e0 la mission - #JuniaInitiative\",\"isPartOf\":{\"@id\":\"https:\/\/juniainitiative.com\/#website\"},\"datePublished\":\"2019-09-26T11:37:46+00:00\",\"dateModified\":\"2020-01-13T09:15:50+00:00\",\"description\":\"Melden Sie sich jetzt als bereite Frau und helfen der #Juniainitiative. Hier sehen Sie auch schon weitere Frauen, die die #Juniainitiative unterst\u00fctzen.\",\"breadcrumb\":{\"@id\":\"https:\/\/juniainitiative.com\/fr\/zur-sendung-bereit\/#breadcrumb\"},\"inLanguage\":\"fr-FR\",\"potentialAction\":[{\"@type\":\"ReadAction\",\"target\":[\"https:\/\/juniainitiative.com\/fr\/zur-sendung-bereit\/\"]}]},{\"@type\":\"BreadcrumbList\",\"@id\":\"https:\/\/juniainitiative.com\/fr\/zur-sendung-bereit\/#breadcrumb\",\"itemListElement\":[{\"@type\":\"ListItem\",\"position\":1,\"name\":\"Startseite\",\"item\":\"https:\/\/juniainitiative.com\/fr\/\"},{\"@type\":\"ListItem\",\"position\":2,\"name\":\"Pr\u00eates \u00e0 la mission\"}]}]}<\/script>\n<!-- \/ Yoast SEO plugin. -->","yoast_head_json":{"title":"Pr\u00eates \u00e0 la mission - #JuniaInitiative","description":"Melden Sie sich jetzt als bereite Frau und helfen der #Juniainitiative. Hier sehen Sie auch schon weitere Frauen, die die #Juniainitiative unterst\u00fctzen.","robots":{"index":"index","follow":"follow","max-snippet":"max-snippet:-1","max-image-preview":"max-image-preview:large","max-video-preview":"max-video-preview:-1"},"canonical":"https:\/\/juniainitiative.com\/fr\/zur-sendung-bereit\/","og_locale":"fr_FR","og_type":"article","og_title":"Pr\u00eates \u00e0 la mission - #JuniaInitiative","og_description":"Melden Sie sich jetzt als bereite Frau und helfen der #Juniainitiative. Hier sehen Sie auch schon weitere Frauen, die die #Juniainitiative unterst\u00fctzen.","og_url":"https:\/\/juniainitiative.com\/fr\/zur-sendung-bereit\/","og_site_name":"#JuniaInitiative","article_modified_time":"2020-01-13T09:15:50+00:00","twitter_card":"summary_large_image","twitter_misc":{"Dur\u00e9e de lecture estim\u00e9e":"2 minutes"},"schema":{"@context":"https:\/\/schema.org","@graph":[{"@type":"WebSite","@id":"https:\/\/juniainitiative.com\/#website","url":"https:\/\/juniainitiative.com\/","name":"#JuniaInitiative","description":"","potentialAction":[{"@type":"SearchAction","target":{"@type":"EntryPoint","urlTemplate":"https:\/\/juniainitiative.com\/?s={search_term_string}"},"query-input":"required name=search_term_string"}],"inLanguage":"fr-FR"},{"@type":"WebPage","@id":"https:\/\/juniainitiative.com\/fr\/zur-sendung-bereit\/","url":"https:\/\/juniainitiative.com\/fr\/zur-sendung-bereit\/","name":"Pr\u00eates \u00e0 la mission - #JuniaInitiative","isPartOf":{"@id":"https:\/\/juniainitiative.com\/#website"},"datePublished":"2019-09-26T11:37:46+00:00","dateModified":"2020-01-13T09:15:50+00:00","description":"Melden Sie sich jetzt als bereite Frau und helfen der #Juniainitiative. Hier sehen Sie auch schon weitere Frauen, die die #Juniainitiative unterst\u00fctzen.","breadcrumb":{"@id":"https:\/\/juniainitiative.com\/fr\/zur-sendung-bereit\/#breadcrumb"},"inLanguage":"fr-FR","potentialAction":[{"@type":"ReadAction","target":["https:\/\/juniainitiative.com\/fr\/zur-sendung-bereit\/"]}]},{"@type":"BreadcrumbList","@id":"https:\/\/juniainitiative.com\/fr\/zur-sendung-bereit\/#breadcrumb","itemListElement":[{"@type":"ListItem","position":1,"name":"Startseite","item":"https:\/\/juniainitiative.com\/fr\/"},{"@type":"ListItem","position":2,"name":"Pr\u00eates \u00e0 la mission"}]}]}},"_links":{"self":[{"href":"https:\/\/juniainitiative.com\/fr\/wp-json\/wp\/v2\/pages\/2033"}],"collection":[{"href":"https:\/\/juniainitiative.com\/fr\/wp-json\/wp\/v2\/pages"}],"about":[{"href":"https:\/\/juniainitiative.com\/fr\/wp-json\/wp\/v2\/types\/page"}],"author":[{"embeddable":true,"href":"https:\/\/juniainitiative.com\/fr\/wp-json\/wp\/v2\/users\/1"}],"replies":[{"embeddable":true,"href":"https:\/\/juniainitiative.com\/fr\/wp-json\/wp\/v2\/comments?post=2033"}],"version-history":[{"count":4,"href":"https:\/\/juniainitiative.com\/fr\/wp-json\/wp\/v2\/pages\/2033\/revisions"}],"predecessor-version":[{"id":2344,"href":"https:\/\/juniainitiative.com\/fr\/wp-json\/wp\/v2\/pages\/2033\/revisions\/2344"}],"wp:attachment":[{"href":"https:\/\/juniainitiative.com\/fr\/wp-json\/wp\/v2\/media?parent=2033"}],"curies":[{"name":"wp","href":"https:\/\/api.w.org\/{rel}","templated":true}]}}